{"id":10938,"date":"2025-02-05T14:57:59","date_gmt":"2025-02-05T13:57:59","guid":{"rendered":"https:\/\/www.geomorphologie.uni-mainz.de\/?page_id=10938"},"modified":"2025-07-02T14:39:01","modified_gmt":"2025-07-02T12:39:01","slug":"antonia-reiss","status":"publish","type":"page","link":"https:\/\/www.geomorphologie.uni-mainz.de\/en\/antonia-reiss\/","title":{"rendered":"Antonia Rei\u00df"},"content":{"rendered":"\n<div class=\"wp-block-columns is-layout-flex wp-container-core-columns-is-layout-9d6595d7 wp-block-columns-is-layout-flex\">\n<div class=\"wp-block-column is-layout-flow wp-block-column-is-layout-flow\"><jgu-base-heading react-props=\"{\n    &quot;index&quot;: &quot;M. Sc.&quot;,\n    &quot;tags&quot;: {\n        &quot;htmlTag&quot;: &quot;h2&quot;,\n        &quot;classTag&quot;: &quot;&quot;,\n        &quot;tag&quot;: &quot;h2&quot;\n    },\n    &quot;heading&quot;: &quot;Antonia Rei\\u00df&quot;,\n    &quot;textAlign&quot;: &quot;left&quot;,\n    &quot;anchor&quot;: &quot;&quot;,\n    &quot;color&quot;: &quot;red&quot;\n}\"><\/jgu-base-heading>\n\n\n\n<p><strong>Research assistant<\/strong><\/p>\n\n\n<jgu-base-accordion react-props=\"{&quot;selected&quot;:4,&quot;align&quot;:&quot;wide&quot;,&quot;hasAllOpenButton&quot;:true,&quot;onlyOne&quot;:false,&quot;initAllClosed&quot;:true,&quot;enableSearch&quot;:false}\">\n    \n<jgu-base-accordionitem react-props=\"{&quot;title&quot;:&quot;Research&quot;,&quot;init&quot;:false,&quot;slug&quot;:&quot;forschung&quot;,&quot;align&quot;:&quot;wide&quot;,&quot;customSlug&quot;:false}\">\n    \n\n<p><strong>Main research areas<\/strong><\/p>\n\n\n\n<p>Geomorphology<br\/>Holocene coastal geomorphology<br\/>Natural risk research (storm surges)<br\/>Geoarchaeology<\/p>\n\n\n\n<p><strong>Regional focus<\/strong><\/p>\n\n\n\n<p>North Frisian &amp; East Frisian North Sea coast<\/p>\n\n\n<\/jgu-base-accordionitem>\n\n<jgu-base-accordionitem react-props=\"{&quot;title&quot;:&quot;Teaching&quot;,&quot;init&quot;:false,&quot;slug&quot;:&quot;lehre&quot;,&quot;align&quot;:&quot;wide&quot;,&quot;customSlug&quot;:false}\">\n    \n\n<p><strong>Summer semester 2025<\/strong><\/p>\n\n\n\n<p>M1\/M1ED Exercise Physical Geography II &#8211; Geomorphology Course G<br\/>M1\/M1ED Exercise Physical Geography II &#8211; Geomorphology Course H<\/p>\n\n\n\n<p><strong>Winter semester 2024\/25<\/strong><\/p>\n\n\n\n<p>M14 Special physical geography &#8211; Butjadingen<\/p>\n\n\n\n<p><strong>Summer semester 2024<\/strong><\/p>\n\n\n\n<p>M1\/M1ED Exercise Physical Geography II &#8211; Geomorphology Course E<br\/>M1\/M1ED Exercise Physical Geography II &#8211; Geomorphology Course F<\/p>\n\n\n\n<p><strong>Winter semester 2023\/24<\/strong><\/p>\n\n\n\n<p>M14\/M12alt Special physical geography &#8211; North Sea<\/p>\n\n\n\n<p><strong>Summer semester 2023<\/strong><\/p>\n\n\n\n<p>M1\/M1ED Exercise Physical Geography II &#8211; Geomorphology Course C<br\/>M1\/M1ED Exercise Physical Geography II &#8211; Geomorphology Course D<\/p>\n\n\n\n<p><strong>Winter semester 2022\/23<\/strong><\/p>\n\n\n\n<p>M14\/M12alt Special physical geography &#8211; Hessian Ried<\/p>\n\n\n<\/jgu-base-accordionitem>\n\n<jgu-base-accordionitem react-props=\"{&quot;title&quot;:&quot;Conferences&quot;,&quot;init&quot;:false,&quot;slug&quot;:&quot;konferenzen&quot;,&quot;align&quot;:&quot;wide&quot;,&quot;customSlug&quot;:false}\">\n    \n\n<p><strong>2024<\/strong><\/p>\n\n\n\n<p>Lecture:  <strong><em>Hallig Hooge as a business location? &#8211; Findings on medieval salt peat mining in the Hallig region <\/em><\/strong>  (Archaeology in Schleswig, Flensburg)<\/p>\n\n\n\n<p>Poster: <em><strong>Potential effects of the 1st Grote Mandr\u00e4nke storm in 1362 AD on the coast of East Frisia near Dornum (North Sear coast, Germany)<\/strong><\/em> (Annual conference of the working group &#8220;Geography of Seas and Coasts&#8221; in Heidelberg)<\/p>\n\n\n\n<p><strong>2023<\/strong><\/p>\n\n\n\n<p>Lecture: <strong><em>Exploitation of a medieval coastal landscape &#8211;<\/em> <\/strong><em><strong>extensive extraction of salt-peat around Hallig Hooge, Wadden Sea of North Frisia <\/strong><strong>(Germany)<\/strong><\/em> (Annual conference of the working group Geoarchaeology in W\u00fcrzburg)<\/p>\n\n\n\n<p>Lecture: <em><strong>Tracing a <\/strong><strong>drowned<\/strong> <strong>medieval<\/strong> <strong>landscape<\/strong><strong> &#8211; <\/strong><strong>palaeoenvironmental reconstruction of the development of the Trendermarsch (North Frisia, Germany) <\/strong><\/em>(INQUA23 in Rome, Italy)<\/p>\n\n\n\n<p>Poster: <strong><em>Exploitation of a medieval coastal landscape &#8211; extensive peat extraction around Hallig Hooge, Wadden Sea of North Frisia (Germany), Part 1<\/em><\/strong> (Annual Conference German Society for Geomorphology e.V. in Aachen)<\/p>\n\n\n\n<p><strong>2022<\/strong><\/p>\n\n\n\n<p>Lecture: <em><strong>Between land reclamation and storm surges &#8211; Man-environment interactions in the Trendermarsch<\/strong> <strong>(North Frisia, Germany)<\/strong><\/em> (DeuQua2022 in Potsdam)<\/p>\n\n\n<\/jgu-base-accordionitem>\n\n<jgu-base-accordionitem react-props=\"{&quot;title&quot;:&quot;Awards and prizes&quot;,&quot;init&quot;:false,&quot;slug&quot;:&quot;auszeichnungen-und-preise&quot;,&quot;align&quot;:&quot;wide&quot;,&quot;customSlug&quot;:false}\">\n    \n\n<p><strong>Poster Prize:<\/strong> <em>Potential effects of the 1st Grote Mandr\u00e4nke storm in 1362 AD on the coast of East Frisia near Dornum (North Sear coast, Germany)<\/em> (Annual Conference of the Working Group &#8220;Geography of Seas and Coasts&#8221; in Heidelberg)<\/p>\n\n\n\n<p><strong>Poster Prize: <\/strong><em>Exploitation of a medieval coastal landscape &#8211; extensive peat extraction around Hallig Hooge, Wadden Sea of North Frisia (Germany), Part 1<\/em> (Annual Conference of the German Society for Geomorphology in Aachen)<\/p>\n\n\n<\/jgu-base-accordionitem>\n\n<jgu-base-accordionitem react-props=\"{&quot;title&quot;:&quot;Publications&quot;,&quot;init&quot;:false,&quot;slug&quot;:&quot;publikationen&quot;,&quot;align&quot;:&quot;wide&quot;,&quot;customSlug&quot;:false}\">\n    \n\n<p><strong>Rei\u00df, A.<\/strong>, Hadler, H., Wilken, D., Majchczack, B.S., Blankenfeldt, R., B\u00e4umler, S., Ickerodt, U., Kloo\u00df, S., Willersh\u00e4user, T., Rabbel, W., V\u00f6tt, A., <strong>2025<\/strong>. The Trendermarsch sunken in the Wadden Sea (North Frisia, Germany) &#8211; reconstructing a drowned medieval cultural landscape with geoarchaeological and geophysical investigations. E&amp;G Quaternary Sci. J. 74, 37-57.     <a href=\"https:\/\/doi.org\/10.5194\/egqsj-74-37-2025\">https:\/\/doi.org\/10.5194\/egqsj-74-37-2025<\/a><\/p>\n\n\n\n<p>Hadler, H., <strong>Rei\u00df, A.<\/strong>, Willersh\u00e4user, T., Wilken, D., Blankenfeldt, R., Majchczack, B., Kloo\u00df, S., Ickerodt, U., V\u00f6tt, A., <strong>2024<\/strong>. Medieval Overexploitation of Peat Triggered Large-Scale Drowning and Permanent Land Loss in Coastal North Frisia (Wadden Sea Region, Germany). Geosciences 15, 1-19.    <a href=\"https:\/\/doi.org\/10.3390\/geosciences15010001\">https:\/\/doi.org\/10.3390\/geosciences15010001<\/a><\/p>\n\n\n\n<p>Wilken, D., Hadler, H., Majchczack, B.S., Blankenfeldt, R., Auge, O., B\u00e4umler, S., Bienen-Scholt, D., Ickerodt, U., Kloo\u00df, S., <strong>Rei\u00df, A.<\/strong>, Willersh\u00e4user, T., Rabbel, W., V\u00f6tt, A., <strong>2024<\/strong>. The discovery of the church of Rungholt, a landmark for the drowned medieval landscapes of the Wadden Sea World Heritage. Sci Rep 14, 15576.    <a href=\"https:\/\/doi.org\/10.1038\/s41598-024-66245-0\">https:\/\/doi.org\/10.1038\/s41598-024-66245-0<\/a><\/p>\n\n\n\n<p><strong>Rei\u00df, A.<\/strong>, Hadler, H., Wilken, D., Majchczack, B., Blankenfeldt, R., Ickerodt, U., Kloo\u00df, S., Rabbel, W., Willersh\u00e4user, T., V\u00f6tt, A., <strong>2024<\/strong>. Geoarchaeological and geophysical investigations in the tidal flats of the Trendermarsch, Nordstrand (North Frisia, Germany). zfg 105505.    <a href=\"https:\/\/doi.org\/10.1127\/zfg\/2024\/0805\">https:\/\/doi.org\/10.1127\/zfg\/2024\/0805<\/a><\/p>\n\n\n\n<p>Majchczack, B., Blankenfeldt, R., Bienen-Scholt, D., Hadler, H., J\u00fcrgens, F., Kloo\u00df, S.,<strong> Rei\u00df, A.<\/strong>, Wilken, D., Carnap-Bornheim, C., Rabbel, W., V\u00f6tt, A., <strong>2024<\/strong>. Living on the Halligen Tidal Islands of North Frisia: Land-use and Exploitation of a Unique Salt-marsh Landscape in the Middle Ages. New studies on Saxon research, Making places, making lives. Landscape and settlement in coastal wetlands. Proceedings of the 72nd Saxon Symposium, 9 &#8211; 12 October 2021 Castricum-Alkmaar 14 Making places, making lives. Landscape and settlement in coastal wetlands, 143. <a href=\"https:\/\/doi.org\/10.24355\/DBBS.084-202411131440-0\">https:\/\/doi.org\/10.24355\/DBBS.084-202411131440-0<\/a><\/p>\n\n\n\n<p>Rabbel, W., B\u00e4umler, S., Benedict, F., Bielikova, A., Dannemann, S., De Smedt, P., De Weerdt, P., Godov\u00e1, D., Hadler, H., Hulmanova, M., Jetzinger, D., Kowatschek, I., Laaha, V., Mendoza Veirana, G., Majchczack, B.S., Ondrasova, L., Paepen, M., Papp, A., Pasteka, R., Pichler, G., <strong>Rei\u00df, A.<\/strong>, Sauter, K., Seilern-Moy, I., Stra\u00dfberger, J., Thorwart, M., T\u00f6tzel, S., Trinks, I., Van Rillaer, B., Verhegge, J., V\u00f6tt, A., Wilken, D., Willersh\u00e4user, T., Wunderlich, T., <strong>2023<\/strong>. Combining teaching and research: a BIP on geophysical and archaeological prospection of North Frisian medieval settlement patterns, in: Wunderlich, T., Hadler, H., Blankenfeldt, R. (Eds.), Advances in On- and Offshore Archaeological Prospection. Universit\u00e4tsverlag Kiel | Kiel University Publishing, Kiel, pp. 223-227.    <a href=\"https:\/\/doi.org\/10.38072\/978-3-928794-83-1\/p44\">https:\/\/doi.org\/10.38072\/978-3-928794-83-1\/p44<\/a><\/p>\n\n\n<\/jgu-base-accordionitem>\n\n<\/jgu-base-accordion>\n<\/div>\n\n\n\n<div class=\"wp-block-column is-layout-flow wp-block-column-is-layout-flow\">\n<div class=\"wp-block-columns is-layout-flex wp-container-core-columns-is-layout-9d6595d7 wp-block-columns-is-layout-flex\">\n<div class=\"wp-block-column is-layout-flow wp-block-column-is-layout-flow\"><jgu-base-image react-props=\"{\n    &quot;image&quot;: {\n        &quot;url&quot;: null,\n        &quot;id&quot;: 9241\n    },\n    &quot;align&quot;: &quot;&quot;,\n    &quot;hasLightbox&quot;: false,\n    &quot;caption&quot;: &quot;&quot;,\n    &quot;imgWidth&quot;: 0,\n    &quot;link&quot;: {\n        &quot;url&quot;: &quot;&quot;,\n        &quot;target&quot;: &quot;&quot;,\n        &quot;rel&quot;: &quot;&quot;\n    }\n}\" class=\"align-\">\n    \n<\/jgu-base-image>\n\n<jgu-base-image react-props=\"{\n    &quot;image&quot;: {\n        &quot;url&quot;: null,\n        &quot;id&quot;: 9462\n    },\n    &quot;align&quot;: &quot;&quot;,\n    &quot;hasLightbox&quot;: false,\n    &quot;caption&quot;: &quot;&quot;,\n    &quot;imgWidth&quot;: 0,\n    &quot;link&quot;: {\n        &quot;url&quot;: &quot;&quot;,\n        &quot;target&quot;: &quot;&quot;,\n        &quot;rel&quot;: &quot;&quot;\n    }\n}\" class=\"align-\">\n    \n<\/jgu-base-image>\n\n<jgu-base-image react-props=\"{\n    &quot;image&quot;: {\n        &quot;url&quot;: &quot;https:\\\/\\\/cms.zdv.uni-mainz.de\\\/fb09geomorphologie\\\/wp-content\\\/uploads\\\/sites\\\/433\\\/2025\\\/02\\\/Profilbild-scaled-1.jpg&quot;,\n        &quot;id&quot;: 9720,\n        &quot;title&quot;: &quot;Profilbild-scaled&quot;,\n        &quot;width&quot;: 2114,\n        &quot;height&quot;: 2560,\n        &quot;srcset&quot;: &quot;https:\\\/\\\/cms.zdv.uni-mainz.de\\\/fb09geomorphologie\\\/wp-content\\\/uploads\\\/sites\\\/433\\\/2025\\\/02\\\/Profilbild-scaled-1.jpg 2114w, https:\\\/\\\/cms.zdv.uni-mainz.de\\\/fb09geomorphologie\\\/wp-content\\\/uploads\\\/sites\\\/433\\\/2025\\\/02\\\/Profilbild-scaled-1-248x300.jpg 248w, https:\\\/\\\/cms.zdv.uni-mainz.de\\\/fb09geomorphologie\\\/wp-content\\\/uploads\\\/sites\\\/433\\\/2025\\\/02\\\/Profilbild-scaled-1-846x1024.jpg 846w, https:\\\/\\\/cms.zdv.uni-mainz.de\\\/fb09geomorphologie\\\/wp-content\\\/uploads\\\/sites\\\/433\\\/2025\\\/02\\\/Profilbild-scaled-1-768x930.jpg 768w, https:\\\/\\\/cms.zdv.uni-mainz.de\\\/fb09geomorphologie\\\/wp-content\\\/uploads\\\/sites\\\/433\\\/2025\\\/02\\\/Profilbild-scaled-1-1268x1536.jpg 1268w, https:\\\/\\\/cms.zdv.uni-mainz.de\\\/fb09geomorphologie\\\/wp-content\\\/uploads\\\/sites\\\/433\\\/2025\\\/02\\\/Profilbild-scaled-1-1691x2048.jpg 1691w&quot;\n    },\n    &quot;align&quot;: &quot;&quot;,\n    &quot;hasLightbox&quot;: false,\n    &quot;caption&quot;: &quot;&quot;,\n    &quot;imgWidth&quot;: 0,\n    &quot;link&quot;: {\n        &quot;url&quot;: &quot;&quot;,\n        &quot;target&quot;: &quot;&quot;,\n        &quot;rel&quot;: &quot;&quot;\n    }\n}\" class=\"align-\">\n    \n<\/jgu-base-image><\/div>\n\n\n\n<div class=\"wp-block-column is-layout-flow wp-block-column-is-layout-flow\"><jgu-base-idm-person react-props=\"{\n    &quot;id&quot;: &quot;269312&quot;,\n    &quot;link&quot;: &quot;false&quot;,\n    &quot;skipDetails&quot;: [\n        &quot;portrait&quot;\n    ],\n    &quot;organizationId&quot;: 962,\n    &quot;roleId&quot;: 16,\n    &quot;name&quot;: &quot;&quot;,\n    &quot;align&quot;: &quot;left&quot;,\n    &quot;color&quot;: &quot;default&quot;,\n    &quot;mode&quot;: &quot;edit&quot;,\n    &quot;linkType&quot;: &quot;false&quot;\n}\">\n        \n<\/jgu-base-idm-person>\n\n\n\n<p>Consultation hours:<br\/><strong>By appointment by e-mail<\/strong><\/p>\n<\/div>\n<\/div>\n<\/div>\n<\/div>\n\n<div style=\"height:459px\" aria-hidden=\"true\" class=\"wp-block-spacer\"><\/div>\n    <div style=\"display: none\">\n        \n    <\/div>","protected":false},"excerpt":{"rendered":"<p>Research assistant Consultation hours:By appointment by e-mail<\/p>\n","protected":false},"author":484,"featured_media":0,"parent":0,"menu_order":0,"comment_status":"closed","ping_status":"closed","template":"","meta":{"footnotes":""},"categories":[],"tags":[],"class_list":["post-10938","page","type-page","status-publish","hentry"],"content_raw":"<!-- wp:columns -->\n<div class=\"wp-block-columns\"><!-- wp:column -->\n<div class=\"wp-block-column\"><!-- wp:jgu\/heading {\"index\":\"M. Sc.\",\"tags\":{\"htmlTag\":\"h2\",\"classTag\":\"\",\"tag\":\"h2\"},\"heading\":\"Antonia Rei\u00df\"} \/-->\n\n<!-- wp:paragraph {\"translatedWithWPMLTM\":\"1\"} -->\n<p><strong>Research assistant<\/strong><\/p>\n<!-- \/wp:paragraph -->\n\n<!-- wp:jgu\/accordion {\"selected\":4} -->\n<!-- wp:jgu\/accordion-item {\"title\":\"Research\",\"init\":false,\"slug\":\"forschung\"} -->\n<!-- wp:paragraph {\"translatedWithWPMLTM\":\"1\"} -->\n<p><strong>Main research areas<\/strong><\/p>\n<!-- \/wp:paragraph -->\n\n<!-- wp:paragraph {\"translatedWithWPMLTM\":\"1\"} -->\n<p>Geomorphology<br\/>Holocene coastal geomorphology<br\/>Natural risk research (storm surges)<br\/>Geoarchaeology<\/p>\n<!-- \/wp:paragraph -->\n\n<!-- wp:paragraph {\"translatedWithWPMLTM\":\"1\"} -->\n<p><strong>Regional focus<\/strong><\/p>\n<!-- \/wp:paragraph -->\n\n<!-- wp:paragraph {\"translatedWithWPMLTM\":\"1\"} -->\n<p>North Frisian &amp; East Frisian North Sea coast<\/p>\n<!-- \/wp:paragraph -->\n<!-- \/wp:jgu\/accordion-item -->\n\n<!-- wp:jgu\/accordion-item {\"title\":\"Teaching\",\"init\":false,\"slug\":\"lehre\"} -->\n<!-- wp:paragraph {\"translatedWithWPMLTM\":\"1\"} -->\n<p><strong>Summer semester 2025<\/strong><\/p>\n<!-- \/wp:paragraph -->\n\n<!-- wp:paragraph {\"translatedWithWPMLTM\":\"1\"} -->\n<p>M1\/M1ED Exercise Physical Geography II - Geomorphology Course G<br\/>M1\/M1ED Exercise Physical Geography II - Geomorphology Course H<\/p>\n<!-- \/wp:paragraph -->\n\n<!-- wp:paragraph {\"translatedWithWPMLTM\":\"1\"} -->\n<p><strong>Winter semester 2024\/25<\/strong><\/p>\n<!-- \/wp:paragraph -->\n\n<!-- wp:paragraph {\"translatedWithWPMLTM\":\"1\"} -->\n<p>M14 Special physical geography - Butjadingen<\/p>\n<!-- \/wp:paragraph -->\n\n<!-- wp:paragraph {\"translatedWithWPMLTM\":\"1\"} -->\n<p><strong>Summer semester 2024<\/strong><\/p>\n<!-- \/wp:paragraph -->\n\n<!-- wp:paragraph {\"translatedWithWPMLTM\":\"1\"} -->\n<p>M1\/M1ED Exercise Physical Geography II - Geomorphology Course E<br\/>M1\/M1ED Exercise Physical Geography II - Geomorphology Course F<\/p>\n<!-- \/wp:paragraph -->\n\n<!-- wp:paragraph {\"translatedWithWPMLTM\":\"1\"} -->\n<p><strong>Winter semester 2023\/24<\/strong><\/p>\n<!-- \/wp:paragraph -->\n\n<!-- wp:paragraph {\"translatedWithWPMLTM\":\"1\"} -->\n<p>M14\/M12alt Special physical geography - North Sea<\/p>\n<!-- \/wp:paragraph -->\n\n<!-- wp:paragraph {\"translatedWithWPMLTM\":\"1\"} -->\n<p><strong>Summer semester 2023<\/strong><\/p>\n<!-- \/wp:paragraph -->\n\n<!-- wp:paragraph {\"translatedWithWPMLTM\":\"1\"} -->\n<p>M1\/M1ED Exercise Physical Geography II - Geomorphology Course C<br\/>M1\/M1ED Exercise Physical Geography II - Geomorphology Course D<\/p>\n<!-- \/wp:paragraph -->\n\n<!-- wp:paragraph {\"translatedWithWPMLTM\":\"1\"} -->\n<p><strong>Winter semester 2022\/23<\/strong><\/p>\n<!-- \/wp:paragraph -->\n\n<!-- wp:paragraph {\"translatedWithWPMLTM\":\"1\"} -->\n<p>M14\/M12alt Special physical geography - Hessian Ried<\/p>\n<!-- \/wp:paragraph -->\n<!-- \/wp:jgu\/accordion-item -->\n\n<!-- wp:jgu\/accordion-item {\"title\":\"Conferences\",\"init\":false,\"slug\":\"konferenzen\"} -->\n<!-- wp:paragraph -->\n<p><strong>2024<\/strong><\/p>\n<!-- \/wp:paragraph -->\n\n<!-- wp:paragraph {\"translatedWithWPMLTM\":\"1\"} -->\n<p>Lecture:  <strong><em>Hallig Hooge as a business location? - Findings on medieval salt peat mining in the Hallig region <\/em><\/strong>  (Archaeology in Schleswig, Flensburg)<\/p>\n<!-- \/wp:paragraph -->\n\n<!-- wp:paragraph {\"translatedWithWPMLTM\":\"1\"} -->\n<p>Poster: <em><strong>Potential effects of the 1st Grote Mandr\u00e4nke storm in 1362 AD on the coast of East Frisia near Dornum (North Sear coast, Germany)<\/strong><\/em> (Annual conference of the working group \"Geography of Seas and Coasts\" in Heidelberg)<\/p>\n<!-- \/wp:paragraph -->\n\n<!-- wp:paragraph -->\n<p><strong>2023<\/strong><\/p>\n<!-- \/wp:paragraph -->\n\n<!-- wp:paragraph {\"translatedWithWPMLTM\":\"1\"} -->\n<p>Lecture: <strong><em>Exploitation of a medieval coastal landscape -<\/em> <\/strong><em><strong>extensive extraction of salt-peat around Hallig Hooge, Wadden Sea of North Frisia <\/strong><strong>(Germany)<\/strong><\/em> (Annual conference of the working group Geoarchaeology in W\u00fcrzburg)<\/p>\n<!-- \/wp:paragraph -->\n\n<!-- wp:paragraph {\"translatedWithWPMLTM\":\"1\"} -->\n<p>Lecture: <em><strong>Tracing a <\/strong><strong>drowned<\/strong> <strong>medieval<\/strong> <strong>landscape<\/strong><strong> - <\/strong><strong>palaeoenvironmental reconstruction of the development of the Trendermarsch (North Frisia, Germany) <\/strong><\/em>(INQUA23 in Rome, Italy)<\/p>\n<!-- \/wp:paragraph -->\n\n<!-- wp:paragraph {\"translatedWithWPMLTM\":\"1\"} -->\n<p>Poster: <strong><em>Exploitation of a medieval coastal landscape - extensive peat extraction around Hallig Hooge, Wadden Sea of North Frisia (Germany), Part 1<\/em><\/strong> (Annual Conference German Society for Geomorphology e.V. in Aachen)<\/p>\n<!-- \/wp:paragraph -->\n\n<!-- wp:paragraph -->\n<p><strong>2022<\/strong><\/p>\n<!-- \/wp:paragraph -->\n\n<!-- wp:paragraph {\"translatedWithWPMLTM\":\"1\"} -->\n<p>Lecture: <em><strong>Between land reclamation and storm surges - Man-environment interactions in the Trendermarsch<\/strong> <strong>(North Frisia, Germany)<\/strong><\/em> (DeuQua2022 in Potsdam)<\/p>\n<!-- \/wp:paragraph -->\n<!-- \/wp:jgu\/accordion-item -->\n\n<!-- wp:jgu\/accordion-item {\"title\":\"Awards and prizes\",\"init\":false,\"slug\":\"auszeichnungen-und-preise\"} -->\n<!-- wp:paragraph {\"translatedWithWPMLTM\":\"1\"} -->\n<p><strong>Poster Prize:<\/strong> <em>Potential effects of the 1st Grote Mandr\u00e4nke storm in 1362 AD on the coast of East Frisia near Dornum (North Sear coast, Germany)<\/em> (Annual Conference of the Working Group \"Geography of Seas and Coasts\" in Heidelberg)<\/p>\n<!-- \/wp:paragraph -->\n\n<!-- wp:paragraph {\"translatedWithWPMLTM\":\"1\"} -->\n<p><strong>Poster Prize: <\/strong><em>Exploitation of a medieval coastal landscape - extensive peat extraction around Hallig Hooge, Wadden Sea of North Frisia (Germany), Part 1<\/em> (Annual Conference of the German Society for Geomorphology in Aachen)<\/p>\n<!-- \/wp:paragraph -->\n<!-- \/wp:jgu\/accordion-item -->\n\n<!-- wp:jgu\/accordion-item {\"title\":\"Publications\",\"init\":false,\"slug\":\"publikationen\"} -->\n<!-- wp:paragraph {\"translatedWithWPMLTM\":\"1\"} -->\n<p><strong>Rei\u00df, A.<\/strong>, Hadler, H., Wilken, D., Majchczack, B.S., Blankenfeldt, R., B\u00e4umler, S., Ickerodt, U., Kloo\u00df, S., Willersh\u00e4user, T., Rabbel, W., V\u00f6tt, A., <strong>2025<\/strong>. The Trendermarsch sunken in the Wadden Sea (North Frisia, Germany) - reconstructing a drowned medieval cultural landscape with geoarchaeological and geophysical investigations. E&amp;G Quaternary Sci. J. 74, 37-57.     <a href=\"https:\/\/doi.org\/10.5194\/egqsj-74-37-2025\">https:\/\/doi.org\/10.5194\/egqsj-74-37-2025<\/a><\/p>\n<!-- \/wp:paragraph -->\n\n<!-- wp:paragraph {\"translatedWithWPMLTM\":\"1\"} -->\n<p>Hadler, H., <strong>Rei\u00df, A.<\/strong>, Willersh\u00e4user, T., Wilken, D., Blankenfeldt, R., Majchczack, B., Kloo\u00df, S., Ickerodt, U., V\u00f6tt, A., <strong>2024<\/strong>. Medieval Overexploitation of Peat Triggered Large-Scale Drowning and Permanent Land Loss in Coastal North Frisia (Wadden Sea Region, Germany). Geosciences 15, 1-19.    <a href=\"https:\/\/doi.org\/10.3390\/geosciences15010001\">https:\/\/doi.org\/10.3390\/geosciences15010001<\/a><\/p>\n<!-- \/wp:paragraph -->\n\n<!-- wp:paragraph {\"translatedWithWPMLTM\":\"1\"} -->\n<p>Wilken, D., Hadler, H., Majchczack, B.S., Blankenfeldt, R., Auge, O., B\u00e4umler, S., Bienen-Scholt, D., Ickerodt, U., Kloo\u00df, S., <strong>Rei\u00df, A.<\/strong>, Willersh\u00e4user, T., Rabbel, W., V\u00f6tt, A., <strong>2024<\/strong>. The discovery of the church of Rungholt, a landmark for the drowned medieval landscapes of the Wadden Sea World Heritage. Sci Rep 14, 15576.    <a href=\"https:\/\/doi.org\/10.1038\/s41598-024-66245-0\">https:\/\/doi.org\/10.1038\/s41598-024-66245-0<\/a><\/p>\n<!-- \/wp:paragraph -->\n\n<!-- wp:paragraph {\"translatedWithWPMLTM\":\"1\"} -->\n<p><strong>Rei\u00df, A.<\/strong>, Hadler, H., Wilken, D., Majchczack, B., Blankenfeldt, R., Ickerodt, U., Kloo\u00df, S., Rabbel, W., Willersh\u00e4user, T., V\u00f6tt, A., <strong>2024<\/strong>. Geoarchaeological and geophysical investigations in the tidal flats of the Trendermarsch, Nordstrand (North Frisia, Germany). zfg 105505.    <a href=\"https:\/\/doi.org\/10.1127\/zfg\/2024\/0805\">https:\/\/doi.org\/10.1127\/zfg\/2024\/0805<\/a><\/p>\n<!-- \/wp:paragraph -->\n\n<!-- wp:paragraph {\"translatedWithWPMLTM\":\"1\"} -->\n<p>Majchczack, B., Blankenfeldt, R., Bienen-Scholt, D., Hadler, H., J\u00fcrgens, F., Kloo\u00df, S.,<strong> Rei\u00df, A.<\/strong>, Wilken, D., Carnap-Bornheim, C., Rabbel, W., V\u00f6tt, A., <strong>2024<\/strong>. Living on the Halligen Tidal Islands of North Frisia: Land-use and Exploitation of a Unique Salt-marsh Landscape in the Middle Ages. New studies on Saxon research, Making places, making lives. Landscape and settlement in coastal wetlands. Proceedings of the 72nd Saxon Symposium, 9 - 12 October 2021 Castricum-Alkmaar 14 Making places, making lives. Landscape and settlement in coastal wetlands, 143. <a href=\"https:\/\/doi.org\/10.24355\/DBBS.084-202411131440-0\">https:\/\/doi.org\/10.24355\/DBBS.084-202411131440-0<\/a><\/p>\n<!-- \/wp:paragraph -->\n\n<!-- wp:paragraph {\"translatedWithWPMLTM\":\"1\"} -->\n<p>Rabbel, W., B\u00e4umler, S., Benedict, F., Bielikova, A., Dannemann, S., De Smedt, P., De Weerdt, P., Godov\u00e1, D., Hadler, H., Hulmanova, M., Jetzinger, D., Kowatschek, I., Laaha, V., Mendoza Veirana, G., Majchczack, B.S., Ondrasova, L., Paepen, M., Papp, A., Pasteka, R., Pichler, G., <strong>Rei\u00df, A.<\/strong>, Sauter, K., Seilern-Moy, I., Stra\u00dfberger, J., Thorwart, M., T\u00f6tzel, S., Trinks, I., Van Rillaer, B., Verhegge, J., V\u00f6tt, A., Wilken, D., Willersh\u00e4user, T., Wunderlich, T., <strong>2023<\/strong>. Combining teaching and research: a BIP on geophysical and archaeological prospection of North Frisian medieval settlement patterns, in: Wunderlich, T., Hadler, H., Blankenfeldt, R. (Eds.), Advances in On- and Offshore Archaeological Prospection. Universit\u00e4tsverlag Kiel | Kiel University Publishing, Kiel, pp. 223-227.    <a href=\"https:\/\/doi.org\/10.38072\/978-3-928794-83-1\/p44\">https:\/\/doi.org\/10.38072\/978-3-928794-83-1\/p44<\/a><\/p>\n<!-- \/wp:paragraph -->\n<!-- \/wp:jgu\/accordion-item -->\n<!-- \/wp:jgu\/accordion --><\/div>\n<!-- \/wp:column -->\n\n<!-- wp:column -->\n<div class=\"wp-block-column\"><!-- wp:columns -->\n<div class=\"wp-block-columns\"><!-- wp:column -->\n<div class=\"wp-block-column\"><!-- wp:jgu\/image {\"image\":{\"url\":null,\"id\":9241}} \/-->\n\n<!-- wp:jgu\/image {\"image\":{\"url\":null,\"id\":9462}} \/-->\n\n<!-- wp:jgu\/image {\"image\":{\"url\":null,\"id\":9720}} \/--><\/div>\n<!-- \/wp:column -->\n\n<!-- wp:column -->\n<div class=\"wp-block-column\"><!-- wp:jgu\/idm-person {\"id\":\"269312\",\"link\":\"false\",\"skipDetails\":[\"portrait\"],\"organizationId\":962,\"roleId\":16} \/-->\n\n<!-- wp:paragraph {\"translatedWithWPMLTM\":\"1\"} -->\n<p>Consultation hours:<br\/><strong>By appointment by e-mail<\/strong><\/p>\n<!-- \/wp:paragraph --><\/div>\n<!-- \/wp:column --><\/div>\n<!-- \/wp:columns --><\/div>\n<!-- \/wp:column --><\/div>\n<!-- \/wp:columns --><!-- wp:spacer {\"height\":\"459px\"} -->\n<div style=\"height:459px\" aria-hidden=\"true\" class=\"wp-block-spacer\"><\/div>\n<!-- \/wp:spacer -->","_links":{"self":[{"href":"https:\/\/www.geomorphologie.uni-mainz.de\/en\/wp-json\/wp\/v2\/pages\/10938","targetHints":{"allow":["GET"]}}],"collection":[{"href":"https:\/\/www.geomorphologie.uni-mainz.de\/en\/wp-json\/wp\/v2\/pages"}],"about":[{"href":"https:\/\/www.geomorphologie.uni-mainz.de\/en\/wp-json\/wp\/v2\/types\/page"}],"author":[{"embeddable":true,"href":"https:\/\/www.geomorphologie.uni-mainz.de\/en\/wp-json\/wp\/v2\/users\/484"}],"replies":[{"embeddable":true,"href":"https:\/\/www.geomorphologie.uni-mainz.de\/en\/wp-json\/wp\/v2\/comments?post=10938"}],"version-history":[{"count":2,"href":"https:\/\/www.geomorphologie.uni-mainz.de\/en\/wp-json\/wp\/v2\/pages\/10938\/revisions"}],"predecessor-version":[{"id":10950,"href":"https:\/\/www.geomorphologie.uni-mainz.de\/en\/wp-json\/wp\/v2\/pages\/10938\/revisions\/10950"}],"wp:attachment":[{"href":"https:\/\/www.geomorphologie.uni-mainz.de\/en\/wp-json\/wp\/v2\/media?parent=10938"}],"wp:term":[{"taxonomy":"category","embeddable":true,"href":"https:\/\/www.geomorphologie.uni-mainz.de\/en\/wp-json\/wp\/v2\/categories?post=10938"},{"taxonomy":"post_tag","embeddable":true,"href":"https:\/\/www.geomorphologie.uni-mainz.de\/en\/wp-json\/wp\/v2\/tags?post=10938"}],"curies":[{"name":"wp","href":"https:\/\/api.w.org\/{rel}","templated":true}]}}