{"id":10918,"date":"2025-02-05T15:02:05","date_gmt":"2025-02-05T14:02:05","guid":{"rendered":"https:\/\/www.geomorphologie.uni-mainz.de\/?page_id=10918"},"modified":"2025-10-07T12:01:13","modified_gmt":"2025-10-07T10:01:13","slug":"lena-slabon","status":"publish","type":"page","link":"https:\/\/www.geomorphologie.uni-mainz.de\/en\/lena-slabon\/","title":{"rendered":"Lena Slabon"},"content":{"rendered":"\n<div class=\"wp-block-columns is-layout-flex wp-container-core-columns-is-layout-9d6595d7 wp-block-columns-is-layout-flex\">\n<div class=\"wp-block-column is-layout-flow wp-block-column-is-layout-flow\"><jgu-base-heading react-props=\"{\n    &quot;index&quot;: &quot;M.Sc.&quot;,\n    &quot;tags&quot;: {\n        &quot;htmlTag&quot;: &quot;h2&quot;,\n        &quot;classTag&quot;: &quot;&quot;,\n        &quot;tag&quot;: &quot;h2&quot;\n    },\n    &quot;heading&quot;: &quot;Lena Slabon&quot;,\n    &quot;textAlign&quot;: &quot;left&quot;,\n    &quot;anchor&quot;: &quot;&quot;,\n    &quot;color&quot;: &quot;red&quot;\n}\"><\/jgu-base-heading>\n\n\n\n<p><strong>Research assistant<\/strong><\/p>\n\n\n<jgu-base-accordion react-props=\"{&quot;selected&quot;:5,&quot;align&quot;:&quot;wide&quot;,&quot;hasAllOpenButton&quot;:true,&quot;onlyOne&quot;:false,&quot;initAllClosed&quot;:true,&quot;enableSearch&quot;:false}\">\n    \n<jgu-base-accordionitem react-props=\"{&quot;title&quot;:&quot;Research&quot;,&quot;init&quot;:false,&quot;slug&quot;:&quot;forschung&quot;,&quot;align&quot;:&quot;wide&quot;,&quot;customSlug&quot;:false}\">\n    \n\n<p><strong>Main research areas<\/strong><\/p>\n\n\n\n<p>Geomorphology<\/p>\n\n\n\n<p>Geoarchaeology<\/p>\n\n\n\n<p>Natural Hazards<\/p>\n\n\n\n<p><strong>Regional focus<\/strong><\/p>\n\n\n\n<p>Greece<\/p>\n\n\n<\/jgu-base-accordionitem>\n\n<jgu-base-accordionitem react-props=\"{&quot;title&quot;:&quot;Teaching&quot;,&quot;init&quot;:false,&quot;slug&quot;:&quot;lehre&quot;,&quot;align&quot;:&quot;wide&quot;,&quot;customSlug&quot;:false}\">\n    \n\n<p><strong>Winter semester 2023\/2024<\/strong><\/p>\n\n\n\n<p>M14\/M12alt HS &amp; GP: Special Physical Geography &#8220;North Sea&#8221;<\/p>\n\n\n\n<p><strong>Summer semester 2023<\/strong><\/p>\n\n\n\n<p>M1\/M1ED Exercise: Geomorphology E<\/p>\n\n\n\n<p>M1\/M1ED Exercise: Geomorphology F<\/p>\n\n\n\n<p><strong>Winter semester 2022\/2023<\/strong><\/p>\n\n\n\n<p>M14\/M12alt HS &amp; GP: Special Physical Geography &#8220;Geoarchaeology and Natural Risks&#8221;<\/p>\n\n\n<\/jgu-base-accordionitem>\n\n<jgu-base-accordionitem react-props=\"{&quot;title&quot;:&quot;Conference contributions&quot;,&quot;init&quot;:false,&quot;slug&quot;:&quot;tagungsbeitrage&quot;,&quot;align&quot;:&quot;wide&quot;,&quot;customSlug&quot;:false}\">\n    \n\n<p><strong>2023<\/strong><\/p>\n\n\n\n<p>Poster: <strong>Evidence of a mid- to late Holocene lake environment in the vicinity of ancient Olympia (western Peloponnese, Greece) <\/strong>(German Society for Geomorphology, Aachen)<strong><\/strong><\/p>\n\n\n\n<p>Lecture: <strong>A mid- to late Holocene lake environment and an associated, previously unknown building structure in ancient Olympia revealed by geoarchaeological investigations <\/strong>(Workshop Olympia, Olympia)<strong><\/strong><\/p>\n\n\n\n<p>Lecture: <strong>The &#8220;Lake of Olympia&#8221;: Geoarchaeological evidence of a mid- to late Holocene lake environment in the vicinity of ancient Olympia (western Peloponnese, Greece)<\/strong> (XXI INQUA Congress, Rome)<\/p>\n\n\n\n<p>Poster: <strong>Previously unknown building structure revealed by geoarchaeological investigations at ancient Olympia (western Peloponnese, Greece)<\/strong> (18th Annual Conference Working Group Geoarchaeology &amp; 40th Annual Conference Working Group Palaeopedology, W\u00fcrzburg)<\/p>\n\n\n<\/jgu-base-accordionitem>\n\n<jgu-base-accordionitem react-props=\"{&quot;title&quot;:&quot;Publications&quot;,&quot;init&quot;:false,&quot;slug&quot;:&quot;publikationen&quot;,&quot;align&quot;:&quot;wide&quot;,&quot;customSlug&quot;:false}\">\n    \n\n<p><strong>2025<\/strong><\/p>\n\n\n\n<p><strong>Slabon, L.<\/strong>, B\u00e4umler, S., Appel, E., Fiedler, S., Fischer, P., Obrocki, L., Pantelidis, G., Scherer, S., Thein, B., Willersh\u00e4user, T., Eder, B., Gehrke, H.-J., Lang F., Kolia, E.-I., Pilz, O., Wilken, D., V\u00f6tt, A. (2025). A Previously Unknown Building Structure in Ancient Olympia (Western Peloponnese, Greece) Revealed by Geoarchaeological Investigations and Its Interpretation as a Possible Harbor. Heritage, 8(2), 38. DOI: <a href=\"https:\/\/doi.org\/10.3390\/heritage8020038\">10.3390\/heritage8020038<\/a><\/p>\n\n\n\n<p><strong>2024<\/strong><\/p>\n\n\n\n<p>V\u00f6tt, A., Hadler, H., Willersh\u00e4user, T., Slabon, A., <strong>Slabon, L<\/strong>., Wahlen, H., Fischer, P., Bungenstock, F., R\u00f6bke, B. R., Frechen, M., Grube, A., Sirocko, F. (2024). Possible Indication of the Impact of the Storegga Slide Tsunami on the German North Sea Coast around 8150 cal BP. Geosciences, 14(10), 262. DOI: <a href=\"https:\/\/doi.org\/10.3390\/geosciences14100262\">10.3390\/geosciences14100262<\/a>   <\/p>\n\n\n\n<p><strong>2023<\/strong><\/p>\n\n\n\n<p><strong>Slabon, L<\/strong>., Obrocki, L., Fischer, P., Willersh\u00e4user, T., Lang, F., Gehrke, H.-J., Eder, B., Kolia, E.-I., Pilz, O., Wilken, D., V\u00f6tt. A. (2023): The &#8220;Lake of Olympia&#8221;: geoarchaeological evidence of a lake environment in the vicinity of ancient Olympia (western Peloponnese, Greece). In: Advances in On-and Offshore Archaeological Prospection: Proceedings of the 15th International Conference on Archaeological Prospection (pp. 31-36). DOI: <a href=\"https:\/\/doi.org\/10.38072\/978-3-928794-83-1\/p5\">10.38072\/978-3-928794-83-1\/p5<\/a><\/p>\n\n\n<\/jgu-base-accordionitem>\n\n<\/jgu-base-accordion>\n<\/div>\n\n\n\n<div class=\"wp-block-column is-layout-flow wp-block-column-is-layout-flow\">\n<div class=\"wp-block-columns is-layout-flex wp-container-core-columns-is-layout-9d6595d7 wp-block-columns-is-layout-flex\">\n<div class=\"wp-block-column is-layout-flow wp-block-column-is-layout-flow\"><jgu-base-image react-props=\"{\n    &quot;image&quot;: {\n        &quot;url&quot;: null,\n        &quot;id&quot;: 9241\n    },\n    &quot;align&quot;: &quot;&quot;,\n    &quot;hasLightbox&quot;: false,\n    &quot;caption&quot;: &quot;&quot;,\n    &quot;imgWidth&quot;: 0,\n    &quot;link&quot;: {\n        &quot;url&quot;: &quot;&quot;,\n        &quot;target&quot;: &quot;&quot;,\n        &quot;rel&quot;: &quot;&quot;\n    }\n}\" class=\"align-\">\n    \n<\/jgu-base-image>\n\n<jgu-base-image react-props=\"{\n    &quot;image&quot;: {\n        &quot;url&quot;: null,\n        &quot;id&quot;: 9462\n    },\n    &quot;align&quot;: &quot;&quot;,\n    &quot;hasLightbox&quot;: false,\n    &quot;caption&quot;: &quot;&quot;,\n    &quot;imgWidth&quot;: 0,\n    &quot;link&quot;: {\n        &quot;url&quot;: &quot;&quot;,\n        &quot;target&quot;: &quot;&quot;,\n        &quot;rel&quot;: &quot;&quot;\n    }\n}\" class=\"align-\">\n    \n<\/jgu-base-image>\n\n<jgu-base-image react-props=\"{\n    &quot;image&quot;: {\n        &quot;url&quot;: &quot;https:\\\/\\\/cms.zdv.uni-mainz.de\\\/fb09geomorphologie\\\/wp-content\\\/uploads\\\/sites\\\/433\\\/2025\\\/02\\\/thumbnail_Lena-Slabon.jpg&quot;,\n        &quot;id&quot;: 9729,\n        &quot;title&quot;: &quot;thumbnail_Lena-Slabon&quot;,\n        &quot;width&quot;: 430,\n        &quot;height&quot;: 647,\n        &quot;srcset&quot;: &quot;https:\\\/\\\/cms.zdv.uni-mainz.de\\\/fb09geomorphologie\\\/wp-content\\\/uploads\\\/sites\\\/433\\\/2025\\\/02\\\/thumbnail_Lena-Slabon.jpg 430w, https:\\\/\\\/cms.zdv.uni-mainz.de\\\/fb09geomorphologie\\\/wp-content\\\/uploads\\\/sites\\\/433\\\/2025\\\/02\\\/thumbnail_Lena-Slabon-199x300.jpg 199w&quot;\n    },\n    &quot;align&quot;: &quot;&quot;,\n    &quot;hasLightbox&quot;: false,\n    &quot;caption&quot;: &quot;&quot;,\n    &quot;imgWidth&quot;: 0,\n    &quot;link&quot;: {\n        &quot;url&quot;: &quot;&quot;,\n        &quot;target&quot;: &quot;&quot;,\n        &quot;rel&quot;: &quot;&quot;\n    }\n}\" class=\"align-\">\n    \n<\/jgu-base-image><\/div>\n\n\n\n<div class=\"wp-block-column is-layout-flow wp-block-column-is-layout-flow\"><jgu-base-idm-person react-props=\"{\n    &quot;id&quot;: &quot;24373&quot;,\n    &quot;link&quot;: &quot;false&quot;,\n    &quot;skipDetails&quot;: [\n        &quot;portrait&quot;\n    ],\n    &quot;name&quot;: &quot;&quot;,\n    &quot;organizationId&quot;: 0,\n    &quot;roleId&quot;: 0,\n    &quot;align&quot;: &quot;left&quot;,\n    &quot;color&quot;: &quot;default&quot;,\n    &quot;mode&quot;: &quot;edit&quot;,\n    &quot;linkType&quot;: &quot;false&quot;\n}\">\n        \n<\/jgu-base-idm-person>\n\n\n\n<p>Consultation hours:<br \/><strong>By appointment by e-mail<\/strong><\/p>\n<\/div>\n<\/div>\n<\/div>\n<\/div>\n\n<div style=\"height:385px\" aria-hidden=\"true\" class=\"wp-block-spacer\"><\/div>\n    <div style=\"display: none\">\n        \n    <\/div>","protected":false},"excerpt":{"rendered":"<p>Research assistant Consultation hours:By appointment by e-mail<\/p>\n","protected":false},"author":484,"featured_media":0,"parent":0,"menu_order":0,"comment_status":"closed","ping_status":"closed","template":"","meta":{"footnotes":""},"categories":[],"tags":[],"class_list":["post-10918","page","type-page","status-publish","hentry"],"content_raw":"<!-- wp:columns -->\n<div class=\"wp-block-columns\"><!-- wp:column -->\n<div class=\"wp-block-column\"><!-- wp:jgu\/heading {\"index\":\"M.Sc.\",\"tags\":{\"htmlTag\":\"h2\",\"classTag\":\"\",\"tag\":\"h2\"},\"heading\":\"Lena Slabon\"} \/-->\n\n<!-- wp:paragraph {\"translatedWithWPMLTM\":\"1\"} -->\n<p><strong>Research assistant<\/strong><\/p>\n<!-- \/wp:paragraph -->\n\n<!-- wp:jgu\/accordion {\"selected\":5} -->\n<!-- wp:jgu\/accordion-item {\"title\":\"Research\",\"init\":false,\"slug\":\"forschung\"} -->\n<!-- wp:paragraph {\"translatedWithWPMLTM\":\"1\"} -->\n<p><strong>Main research areas<\/strong><\/p>\n<!-- \/wp:paragraph -->\n\n<!-- wp:paragraph {\"translatedWithWPMLTM\":\"1\"} -->\n<p>Geomorphology<\/p>\n<!-- \/wp:paragraph -->\n\n<!-- wp:paragraph {\"translatedWithWPMLTM\":\"1\"} -->\n<p>Geoarchaeology<\/p>\n<!-- \/wp:paragraph -->\n\n<!-- wp:paragraph -->\n<p>Natural Hazards<\/p>\n<!-- \/wp:paragraph -->\n\n<!-- wp:paragraph {\"translatedWithWPMLTM\":\"1\"} -->\n<p><strong>Regional focus<\/strong><\/p>\n<!-- \/wp:paragraph -->\n\n<!-- wp:paragraph {\"translatedWithWPMLTM\":\"1\"} -->\n<p>Greece<\/p>\n<!-- \/wp:paragraph -->\n<!-- \/wp:jgu\/accordion-item -->\n\n<!-- wp:jgu\/accordion-item {\"title\":\"Teaching\",\"init\":false,\"slug\":\"lehre\"} -->\n<!-- wp:paragraph {\"translatedWithWPMLTM\":\"1\"} -->\n<p><strong>Winter semester 2023\/2024<\/strong><\/p>\n<!-- \/wp:paragraph -->\n\n<!-- wp:paragraph {\"translatedWithWPMLTM\":\"1\"} -->\n<p>M14\/M12alt HS &amp; GP: Special Physical Geography \"North Sea\"<\/p>\n<!-- \/wp:paragraph -->\n\n<!-- wp:paragraph {\"translatedWithWPMLTM\":\"1\"} -->\n<p><strong>Summer semester 2023<\/strong><\/p>\n<!-- \/wp:paragraph -->\n\n<!-- wp:paragraph {\"translatedWithWPMLTM\":\"1\"} -->\n<p>M1\/M1ED Exercise: Geomorphology E<\/p>\n<!-- \/wp:paragraph -->\n\n<!-- wp:paragraph {\"translatedWithWPMLTM\":\"1\"} -->\n<p>M1\/M1ED Exercise: Geomorphology F<\/p>\n<!-- \/wp:paragraph -->\n\n<!-- wp:paragraph {\"translatedWithWPMLTM\":\"1\"} -->\n<p><strong>Winter semester 2022\/2023<\/strong><\/p>\n<!-- \/wp:paragraph -->\n\n<!-- wp:paragraph {\"translatedWithWPMLTM\":\"1\"} -->\n<p>M14\/M12alt HS &amp; GP: Special Physical Geography \"Geoarchaeology and Natural Risks\"<\/p>\n<!-- \/wp:paragraph -->\n<!-- \/wp:jgu\/accordion-item -->\n\n<!-- wp:jgu\/accordion-item {\"title\":\"Conference contributions\",\"init\":false,\"slug\":\"tagungsbeitrage\"} -->\n<!-- wp:paragraph -->\n<p><strong>2023<\/strong><\/p>\n<!-- \/wp:paragraph -->\n\n<!-- wp:paragraph {\"translatedWithWPMLTM\":\"1\"} -->\n<p>Poster: <strong>Evidence of a mid- to late Holocene lake environment in the vicinity of ancient Olympia (western Peloponnese, Greece) <\/strong>(German Society for Geomorphology, Aachen)<strong><\/strong><\/p>\n<!-- \/wp:paragraph -->\n\n<!-- wp:paragraph {\"translatedWithWPMLTM\":\"1\"} -->\n<p>Lecture: <strong>A mid- to late Holocene lake environment and an associated, previously unknown building structure in ancient Olympia revealed by geoarchaeological investigations <\/strong>(Workshop Olympia, Olympia)<strong><\/strong><\/p>\n<!-- \/wp:paragraph -->\n\n<!-- wp:paragraph {\"translatedWithWPMLTM\":\"1\"} -->\n<p>Lecture: <strong>The \"Lake of Olympia\": Geoarchaeological evidence of a mid- to late Holocene lake environment in the vicinity of ancient Olympia (western Peloponnese, Greece)<\/strong> (XXI INQUA Congress, Rome)<\/p>\n<!-- \/wp:paragraph -->\n\n<!-- wp:paragraph {\"translatedWithWPMLTM\":\"1\"} -->\n<p>Poster: <strong>Previously unknown building structure revealed by geoarchaeological investigations at ancient Olympia (western Peloponnese, Greece)<\/strong> (18th Annual Conference Working Group Geoarchaeology &amp; 40th Annual Conference Working Group Palaeopedology, W\u00fcrzburg)<\/p>\n<!-- \/wp:paragraph -->\n<!-- \/wp:jgu\/accordion-item -->\n\n<!-- wp:jgu\/accordion-item {\"title\":\"Publications\",\"init\":false,\"slug\":\"publikationen\"} -->\n<!-- wp:paragraph -->\n<p><strong>2025<\/strong><\/p>\n<!-- \/wp:paragraph -->\n\n<!-- wp:paragraph {\"translatedWithWPMLTM\":\"1\"} -->\n<p><strong>Slabon, L.<\/strong>, B\u00e4umler, S., Appel, E., Fiedler, S., Fischer, P., Obrocki, L., Pantelidis, G., Scherer, S., Thein, B., Willersh\u00e4user, T., Eder, B., Gehrke, H.-J., Lang F., Kolia, E.-I., Pilz, O., Wilken, D., V\u00f6tt, A. (2025). A Previously Unknown Building Structure in Ancient Olympia (Western Peloponnese, Greece) Revealed by Geoarchaeological Investigations and Its Interpretation as a Possible Harbor. Heritage, 8(2), 38. DOI: <a href=\"https:\/\/doi.org\/10.3390\/heritage8020038\">10.3390\/heritage8020038<\/a><\/p>\n<!-- \/wp:paragraph -->\n\n<!-- wp:paragraph -->\n<p><strong>2024<\/strong><\/p>\n<!-- \/wp:paragraph -->\n\n<!-- wp:paragraph {\"translatedWithWPMLTM\":\"1\"} -->\n<p>V\u00f6tt, A., Hadler, H., Willersh\u00e4user, T., Slabon, A., <strong>Slabon, L<\/strong>., Wahlen, H., Fischer, P., Bungenstock, F., R\u00f6bke, B. R., Frechen, M., Grube, A., Sirocko, F. (2024). Possible Indication of the Impact of the Storegga Slide Tsunami on the German North Sea Coast around 8150 cal BP. Geosciences, 14(10), 262. DOI: <a href=\"https:\/\/doi.org\/10.3390\/geosciences14100262\">10.3390\/geosciences14100262<\/a>   <\/p>\n<!-- \/wp:paragraph -->\n\n<!-- wp:paragraph -->\n<p><strong>2023<\/strong><\/p>\n<!-- \/wp:paragraph -->\n\n<!-- wp:paragraph {\"translatedWithWPMLTM\":\"1\"} -->\n<p><strong>Slabon, L<\/strong>., Obrocki, L., Fischer, P., Willersh\u00e4user, T., Lang, F., Gehrke, H.-J., Eder, B., Kolia, E.-I., Pilz, O., Wilken, D., V\u00f6tt. A. (2023): The \"Lake of Olympia\": geoarchaeological evidence of a lake environment in the vicinity of ancient Olympia (western Peloponnese, Greece). In: Advances in On-and Offshore Archaeological Prospection: Proceedings of the 15th International Conference on Archaeological Prospection (pp. 31-36). DOI: <a href=\"https:\/\/doi.org\/10.38072\/978-3-928794-83-1\/p5\">10.38072\/978-3-928794-83-1\/p5<\/a><\/p>\n<!-- \/wp:paragraph -->\n<!-- \/wp:jgu\/accordion-item -->\n<!-- \/wp:jgu\/accordion --><\/div>\n<!-- \/wp:column -->\n\n<!-- wp:column -->\n<div class=\"wp-block-column\"><!-- wp:columns -->\n<div class=\"wp-block-columns\"><!-- wp:column -->\n<div class=\"wp-block-column\"><!-- wp:jgu\/image {\"image\":{\"url\":null,\"id\":9241}} \/-->\n\n<!-- wp:jgu\/image {\"image\":{\"url\":null,\"id\":9462}} \/-->\n\n<!-- wp:jgu\/image {\"image\":{\"url\":null,\"id\":9729}} \/--><\/div>\n<!-- \/wp:column -->\n\n<!-- wp:column -->\n<div class=\"wp-block-column\"><!-- wp:jgu\/idm-person {\"id\":\"24373\",\"link\":\"false\",\"skipDetails\":[\"portrait\"]} \/-->\n\n<!-- wp:paragraph {\"translatedWithWPMLTM\":\"1\"} -->\n<p>Consultation hours:<br \/><strong>By appointment by e-mail<\/strong><\/p>\n<!-- \/wp:paragraph --><\/div>\n<!-- \/wp:column --><\/div>\n<!-- \/wp:columns --><\/div>\n<!-- \/wp:column --><\/div>\n<!-- \/wp:columns --><!-- wp:spacer {\"height\":\"385px\"} -->\n<div style=\"height:385px\" aria-hidden=\"true\" class=\"wp-block-spacer\"><\/div>\n<!-- \/wp:spacer -->","_links":{"self":[{"href":"https:\/\/www.geomorphologie.uni-mainz.de\/en\/wp-json\/wp\/v2\/pages\/10918","targetHints":{"allow":["GET"]}}],"collection":[{"href":"https:\/\/www.geomorphologie.uni-mainz.de\/en\/wp-json\/wp\/v2\/pages"}],"about":[{"href":"https:\/\/www.geomorphologie.uni-mainz.de\/en\/wp-json\/wp\/v2\/types\/page"}],"author":[{"embeddable":true,"href":"https:\/\/www.geomorphologie.uni-mainz.de\/en\/wp-json\/wp\/v2\/users\/484"}],"replies":[{"embeddable":true,"href":"https:\/\/www.geomorphologie.uni-mainz.de\/en\/wp-json\/wp\/v2\/comments?post=10918"}],"version-history":[{"count":4,"href":"https:\/\/www.geomorphologie.uni-mainz.de\/en\/wp-json\/wp\/v2\/pages\/10918\/revisions"}],"predecessor-version":[{"id":11823,"href":"https:\/\/www.geomorphologie.uni-mainz.de\/en\/wp-json\/wp\/v2\/pages\/10918\/revisions\/11823"}],"wp:attachment":[{"href":"https:\/\/www.geomorphologie.uni-mainz.de\/en\/wp-json\/wp\/v2\/media?parent=10918"}],"wp:term":[{"taxonomy":"category","embeddable":true,"href":"https:\/\/www.geomorphologie.uni-mainz.de\/en\/wp-json\/wp\/v2\/categories?post=10918"},{"taxonomy":"post_tag","embeddable":true,"href":"https:\/\/www.geomorphologie.uni-mainz.de\/en\/wp-json\/wp\/v2\/tags?post=10918"}],"curies":[{"name":"wp","href":"https:\/\/api.w.org\/{rel}","templated":true}]}}